{"id":5713,"date":"2025-01-29T03:58:18","date_gmt":"2025-01-29T03:58:18","guid":{"rendered":"https:\/\/gfl.skyfish.dev\/termos-e-condicoes\/"},"modified":"2026-02-03T05:46:18","modified_gmt":"2026-02-03T05:46:18","slug":"termos-e-condicoes","status":"publish","type":"page","link":"https:\/\/gfl.skyfish.dev\/pt-pt\/termos-e-condicoes\/","title":{"rendered":"Termos e Condi\u00e7\u00f5es"},"content":{"rendered":"\t\t<div data-elementor-type=\"wp-page\" data-elementor-id=\"5713\" class=\"elementor elementor-5713 elementor-2878\" data-elementor-post-type=\"page\">\n\t\t\t\t<div class=\"elementor-element elementor-element-a802d98 e-flex e-con-boxed e-con e-parent\" data-id=\"a802d98\" data-element_type=\"container\" data-e-type=\"container\" data-settings=\"{&quot;background_background&quot;:&quot;classic&quot;}\">\n\t\t\t\t\t<div class=\"e-con-inner\">\n\t\t\t\t<div class=\"elementor-element elementor-element-20c22d1 elementor-widget elementor-widget-heading\" data-id=\"20c22d1\" data-element_type=\"widget\" data-e-type=\"widget\" data-widget_type=\"heading.default\">\n\t\t\t\t<div class=\"elementor-widget-container\">\n\t\t\t\t\t<h2 class=\"elementor-heading-title elementor-size-default\">Termos e Condi\u00e7\u00f5es<\/h2>\t\t\t\t<\/div>\n\t\t\t\t<\/div>\n\t\t\t\t\t<\/div>\n\t\t\t\t<\/div>\n\t\t<div class=\"elementor-element elementor-element-000b158 e-flex e-con-boxed e-con e-parent\" data-id=\"000b158\" data-element_type=\"container\" data-e-type=\"container\">\n\t\t\t\t\t<div class=\"e-con-inner\">\n\t\t\t\t<div class=\"elementor-element elementor-element-42854e3 elementor-widget elementor-widget-heading\" data-id=\"42854e3\" data-element_type=\"widget\" data-e-type=\"widget\" data-widget_type=\"heading.default\">\n\t\t\t\t<div class=\"elementor-widget-container\">\n\t\t\t\t\t<h2 class=\"elementor-heading-title elementor-size-default\">ermos de Utiliza\u00e7\u00e3o do Website da G\u00e1rdenforl\u00e1if<\/h2>\t\t\t\t<\/div>\n\t\t\t\t<\/div>\n\t\t\t\t<div class=\"elementor-element elementor-element-3146fda elementor-widget elementor-widget-text-editor\" data-id=\"3146fda\" data-element_type=\"widget\" data-e-type=\"widget\" data-widget_type=\"text-editor.default\">\n\t\t\t\t<div class=\"elementor-widget-container\">\n\t\t\t\t\t\t\t\t\t<p data-pm-slice=\"1 1 []\">Data de entrada em vigor dos Termos de Utiliza\u00e7\u00e3o: 29 de janeiro de 2025<\/p><p>1. Introdu\u00e7\u00e3o<br>Bem-vindo \u00e0 G\u00e1rdenforl\u00e1if (\u00abn\u00f3s\u00bb, \u00abnosso\u00bb ou \u00abnos\u00bb). Ao aceder ou utilizar o nosso website https:\/\/gardenforlife.site, concorda em ficar vinculado a estes Termos e Condi\u00e7\u00f5es. Caso n\u00e3o concorde, por favor n\u00e3o utilize o nosso website.  <\/p><p><strong>2. Utiliza\u00e7\u00e3o do Website<\/strong><\/p><ul data-spread=\"false\"><li><p>O utilizador concorda em utilizar este website apenas para fins legais.<\/p><\/li><li><p>O utilizador n\u00e3o dever\u00e1 envolver-se em qualquer atividade que possa prejudicar, interromper ou interferir com o funcionamento do website.<\/p><\/li><li><p>Reservamo-nos o direito de modificar ou descontinuar qualquer parte do website a qualquer momento.<\/p><\/li><\/ul><p><strong>3. Donativos e Pagamentos<\/strong><\/p><ul data-spread=\"false\"><li><p>Todos os donativos efetuados \u00e0 G\u00e1rdenforl\u00e1if s\u00e3o volunt\u00e1rios e n\u00e3o reembols\u00e1veis.<\/p><\/li><li><p>N\u00e3o somos respons\u00e1veis por quaisquer erros de transa\u00e7\u00e3o causados por processadores de pagamento de terceiros.<\/p><\/li><li><p>Quaisquer donativos recorrentes devem ser cancelados pelo doador atrav\u00e9s do seu fornecedor de pagamento.<\/p><\/li><\/ul><p><strong>4. Propriedade Intelectual<\/strong><\/p><ul data-spread=\"false\"><li><p>Todo o conte\u00fado deste website, incluindo textos, gr\u00e1ficos, log\u00f3tipos e imagens, \u00e9 propriedade da G\u00e1rdenforl\u00e1if ou dos seus licenciadores.<\/p><\/li><li><p>N\u00e3o \u00e9 permitido reproduzir, distribuir ou modificar qualquer conte\u00fado sem autoriza\u00e7\u00e3o pr\u00e9via por escrito.<\/p><\/li><\/ul><p><strong>5. Conte\u00fado Gerado pelo Utilizador<\/strong><\/p><ul data-spread=\"false\"><li><p>Se submeter conte\u00fado ao nosso website (por exemplo, coment\u00e1rios ou testemunhos), concede-nos uma licen\u00e7a n\u00e3o exclusiva e isenta de royalties para utilizar, modificar e apresentar esse conte\u00fado.<\/p><\/li><li><p>Reservamo-nos o direito de remover qualquer conte\u00fado que seja inadequado, ofensivo ou que viole estes Termos e Condi\u00e7\u00f5es.<\/p><\/li><\/ul><p><strong>6. Liga\u00e7\u00f5es a Terceiros<\/strong><\/p><ul data-spread=\"false\"><li><p>O nosso website pode conter liga\u00e7\u00f5es para websites de terceiros. N\u00e3o somos respons\u00e1veis pelo seu conte\u00fado, pol\u00edticas de privacidade ou pr\u00e1ticas. <\/p><\/li><li><p>A utiliza\u00e7\u00e3o de websites de terceiros \u00e9 feita por sua conta e risco.<\/p><\/li><\/ul><p><strong>7. Limita\u00e7\u00e3o de Responsabilidade<\/strong><\/p><ul data-spread=\"false\"><li><p>N\u00e3o prestamos quaisquer garantias quanto \u00e0 exatid\u00e3o ou fiabilidade do conte\u00fado do website.<\/p><\/li><li><p>N\u00e3o seremos respons\u00e1veis por quaisquer danos diretos, indiretos ou incidentais resultantes da utiliza\u00e7\u00e3o do nosso website.<\/p><\/li><\/ul><p>8. Indemniza\u00e7\u00e3o<br>O utilizador concorda em indemnizar e isentar a G\u00e1rdenforl\u00e1if de quaisquer reclama\u00e7\u00f5es, danos ou despesas resultantes da utiliza\u00e7\u00e3o do website ou da viola\u00e7\u00e3o destes Termos e Condi\u00e7\u00f5es.<br><\/p><p>9. Altera\u00e7\u00f5es a Estes Termos<br>Reservamo-nos o direito de atualizar estes Termos e Condi\u00e7\u00f5es a qualquer momento. A utiliza\u00e7\u00e3o continuada do website ap\u00f3s a publica\u00e7\u00e3o das altera\u00e7\u00f5es constitui a aceita\u00e7\u00e3o dos novos termos. <\/p><p>10. Lei Aplic\u00e1vel<br>Estes Termos e Condi\u00e7\u00f5es ser\u00e3o regidos pelas leis do Estado do Texas, sem considera\u00e7\u00e3o pelos princ\u00edpios de conflito de leis.<\/p><p>11. Contacte-nos<br>Se tiver alguma quest\u00e3o sobre estes Termos e Condi\u00e7\u00f5es, por favor contacte-nos atrav\u00e9s de:<\/p><p>G\u00e1rdenforl\u00e1if<br>Houston, Texas<br>gardenforlife.site@gmail.com<br>+1 (281) 650-2717<\/p>\t\t\t\t\t\t\t\t<\/div>\n\t\t\t\t<\/div>\n\t\t\t\t\t<\/div>\n\t\t\t\t<\/div>\n\t\t\t\t<\/div>\n\t\t","protected":false},"excerpt":{"rendered":"<p>Termos e Condi\u00e7\u00f5es ermos de Utiliza\u00e7\u00e3o do Website da G\u00e1rdenforl\u00e1if Data de entrada em vigor dos Termos de Utiliza\u00e7\u00e3o: 29 de janeiro de 2025 1. Introdu\u00e7\u00e3oBem-vindo \u00e0 G\u00e1rdenforl\u00e1if (\u00abn\u00f3s\u00bb, \u00abnosso\u00bb ou \u00abnos\u00bb). Ao aceder ou utilizar o nosso website https:\/\/gardenforlife.site, concorda em ficar vinculado a estes Termos e Condi\u00e7\u00f5es. Caso n\u00e3o concorde, por favor n\u00e3o [&hellip;]<\/p>\n","protected":false},"author":1,"featured_media":0,"parent":0,"menu_order":0,"comment_status":"closed","ping_status":"closed","template":"","meta":{"give_campaign_id":0,"footnotes":""},"class_list":["post-5713","page","type-page","status-publish","hentry"],"campaignId":"","_links":{"self":[{"href":"https:\/\/gfl.skyfish.dev\/pt-pt\/wp-json\/wp\/v2\/pages\/5713","targetHints":{"allow":["GET"]}}],"collection":[{"href":"https:\/\/gfl.skyfish.dev\/pt-pt\/wp-json\/wp\/v2\/pages"}],"about":[{"href":"https:\/\/gfl.skyfish.dev\/pt-pt\/wp-json\/wp\/v2\/types\/page"}],"author":[{"embeddable":true,"href":"https:\/\/gfl.skyfish.dev\/pt-pt\/wp-json\/wp\/v2\/users\/1"}],"replies":[{"embeddable":true,"href":"https:\/\/gfl.skyfish.dev\/pt-pt\/wp-json\/wp\/v2\/comments?post=5713"}],"version-history":[{"count":1,"href":"https:\/\/gfl.skyfish.dev\/pt-pt\/wp-json\/wp\/v2\/pages\/5713\/revisions"}],"predecessor-version":[{"id":5714,"href":"https:\/\/gfl.skyfish.dev\/pt-pt\/wp-json\/wp\/v2\/pages\/5713\/revisions\/5714"}],"wp:attachment":[{"href":"https:\/\/gfl.skyfish.dev\/pt-pt\/wp-json\/wp\/v2\/media?parent=5713"}],"curies":[{"name":"wp","href":"https:\/\/api.w.org\/{rel}","templated":true}]}}